{"id":407,"date":"2018-09-19T01:23:07","date_gmt":"2018-09-19T04:23:07","guid":{"rendered":"http:\/\/laweeeda.ict.unesp.br\/?page_id=407"},"modified":"2020-03-27T09:25:01","modified_gmt":"2020-03-27T12:25:01","slug":"resultados-del-proyecto","status":"publish","type":"page","link":"https:\/\/laweeeda.ict.unesp.br\/site\/?page_id=407&lang=es","title":{"rendered":"Resultados"},"content":{"rendered":"<p>El proyecto LaWEEEda tuvo una serie de resultados diferentes que van desde la selecci\u00f3n y el desarrollo de materiales did\u00e1cticos, el apoyo y el desarrollo de nuevas t\u00e9cnicas de ense\u00f1anza, la creaci\u00f3n de un repositorio digital para permitir el intercambio de recursos did\u00e1cticos, la instalaci\u00f3n de centros de capacitaci\u00f3n, junto con con informes que ayudaron a informar la direcci\u00f3n del proyecto. Estos se comparten a trav\u00e9s de esta secci\u00f3n.<\/p>\n","protected":false},"excerpt":{"rendered":"<p>El proyecto LaWEEEda tuvo una serie de resultados diferentes que van desde la selecci\u00f3n y el desarrollo de materiales did\u00e1cticos, el apoyo y el desarrollo de nuevas t\u00e9cnicas de ense\u00f1anza, la creaci\u00f3n de un repositorio digital para permitir el intercambio de recursos did\u00e1cticos, la instalaci\u00f3n de centros de capacitaci\u00f3n, junto con con informes que ayudaron &hellip;<\/p>\n<p class=\"read-more\"> <a class=\"\" href=\"https:\/\/laweeeda.ict.unesp.br\/site\/?page_id=407&#038;lang=es\"> <span class=\"screen-reader-text\">Resultados<\/span> Leia mais &raquo;<\/a><\/p>\n","protected":false},"author":1,"featured_media":0,"parent":0,"menu_order":0,"comment_status":"closed","ping_status":"closed","template":"","meta":{"_uag_custom_page_level_css":"","site-sidebar-layout":"default","site-content-layout":"","ast-site-content-layout":"","site-content-style":"default","site-sidebar-style":"default","ast-global-header-display":"","ast-banner-title-visibility":"","ast-main-header-display":"","ast-hfb-above-header-display":"","ast-hfb-below-header-display":"","ast-hfb-mobile-header-display":"","site-post-title":"","ast-breadcrumbs-content":"","ast-featured-img":"","footer-sml-layout":"","theme-transparent-header-meta":"","adv-header-id-meta":"","stick-header-meta":"","header-above-stick-meta":"","header-main-stick-meta":"","header-below-stick-meta":"","astra-migrate-meta-layouts":"","ast-page-background-enabled":"default","ast-page-background-meta":{"desktop":{"background-color":"var(--ast-global-color-4)","background-image":"","background-repeat":"repeat","background-position":"center center","background-size":"auto","background-attachment":"scroll","background-type":"","background-media":"","overlay-type":"","overlay-color":"","overlay-gradient":""},"tablet":{"background-color":"","background-image":"","background-repeat":"repeat","background-position":"center center","background-size":"auto","background-attachment":"scroll","background-type":"","background-media":"","overlay-type":"","overlay-color":"","overlay-gradient":""},"mobile":{"background-color":"","background-image":"","background-repeat":"repeat","background-position":"center center","background-size":"auto","background-attachment":"scroll","background-type":"","background-media":"","overlay-type":"","overlay-color":"","overlay-gradient":""}},"ast-content-background-meta":{"desktop":{"background-color":"var(--ast-global-color-5)","background-image":"","background-repeat":"repeat","background-position":"center center","background-size":"auto","background-attachment":"scroll","background-type":"","background-media":"","overlay-type":"","overlay-color":"","overlay-gradient":""},"tablet":{"background-color":"var(--ast-global-color-5)","background-image":"","background-repeat":"repeat","background-position":"center center","background-size":"auto","background-attachment":"scroll","background-type":"","background-media":"","overlay-type":"","overlay-color":"","overlay-gradient":""},"mobile":{"background-color":"var(--ast-global-color-5)","background-image":"","background-repeat":"repeat","background-position":"center center","background-size":"auto","background-attachment":"scroll","background-type":"","background-media":"","overlay-type":"","overlay-color":"","overlay-gradient":""}},"footnotes":""},"uagb_featured_image_src":{"full":false,"thumbnail":false,"medium":false,"medium_large":false,"large":false,"1536x1536":false,"2048x2048":false},"uagb_author_info":{"display_name":"laweeeda","author_link":"https:\/\/laweeeda.ict.unesp.br\/site\/?author=1"},"uagb_comment_info":0,"uagb_excerpt":"El proyecto LaWEEEda tuvo una serie de resultados diferentes que van desde la selecci\u00f3n y el desarrollo de materiales did\u00e1cticos, el apoyo y el desarrollo de nuevas t\u00e9cnicas de ense\u00f1anza, la creaci\u00f3n de un repositorio digital para permitir el intercambio de recursos did\u00e1cticos, la instalaci\u00f3n de centros de capacitaci\u00f3n, junto con con informes que ayudaron&hellip;","_links":{"self":[{"href":"https:\/\/laweeeda.ict.unesp.br\/site\/index.php?rest_route=\/wp\/v2\/pages\/407"}],"collection":[{"href":"https:\/\/laweeeda.ict.unesp.br\/site\/index.php?rest_route=\/wp\/v2\/pages"}],"about":[{"href":"https:\/\/laweeeda.ict.unesp.br\/site\/index.php?rest_route=\/wp\/v2\/types\/page"}],"author":[{"embeddable":true,"href":"https:\/\/laweeeda.ict.unesp.br\/site\/index.php?rest_route=\/wp\/v2\/users\/1"}],"replies":[{"embeddable":true,"href":"https:\/\/laweeeda.ict.unesp.br\/site\/index.php?rest_route=%2Fwp%2Fv2%2Fcomments&post=407"}],"version-history":[{"count":4,"href":"https:\/\/laweeeda.ict.unesp.br\/site\/index.php?rest_route=\/wp\/v2\/pages\/407\/revisions"}],"predecessor-version":[{"id":950,"href":"https:\/\/laweeeda.ict.unesp.br\/site\/index.php?rest_route=\/wp\/v2\/pages\/407\/revisions\/950"}],"wp:attachment":[{"href":"https:\/\/laweeeda.ict.unesp.br\/site\/index.php?rest_route=%2Fwp%2Fv2%2Fmedia&parent=407"}],"curies":[{"name":"wp","href":"https:\/\/api.w.org\/{rel}","templated":true}]}}