{"id":6,"date":"2018-02-16T22:56:13","date_gmt":"2018-02-17T00:56:13","guid":{"rendered":"http:\/\/www.instadev.com.br\/laweeeda\/?page_id=6"},"modified":"2018-09-19T00:02:52","modified_gmt":"2018-09-19T03:02:52","slug":"sobre","status":"publish","type":"page","link":"https:\/\/laweeeda.ict.unesp.br\/site\/?page_id=6","title":{"rendered":"Sobre o LaWEEEda"},"content":{"rendered":"<p><strong>Rede Latino-Americana e Europeia de pesquisa, desenvolvimento e an\u00e1lise de res\u00edduos eletroeletr\u00f4nicos (LaWEEEda)<\/strong><\/p>\n<p><strong>Contexto<\/strong><\/p>\n<p>A Am\u00e9rica Latina \u00e9 caracterizada por um alto \u00edndica de urbaniza\u00e7\u00e3o e economias emergentes, e liado a isto h\u00e1 uma alta penetra\u00e7\u00e3o no mercado de equipamentos de TI al\u00e9m de outros equipamentos eletroeletr\u00f4nicos. O acelerado crescimento nas vendas de equipamentos eletroeletr\u00f4nicos resulta em um aumento das quantidades sobre res\u00edduos desse tipo de equipamento. Os Res\u00edduos de Equipamentos Eletr\u00f4nicos (REEE) trazem um problema ambiental emergente assim como uma oportunidade de neg\u00f3cios, seja devido \u00e1 natureza perigosa de alguns componentes ou seja pelo alto valor agregado de outros.<\/p>\n<p><strong>Desafios na Am\u00e9rica Latina<\/strong><\/p>\n<ul>\n<li>Falta de capacita\u00e7\u00e3o em todos os n\u00edveis<\/li>\n<li>Quantidades crescentes de REEE gerados<\/li>\n<li>Falta de pol\u00edticas e aplica\u00e7\u00e3o<\/li>\n<li>Coleta e sistemas de tratamento informais muito ativos (evid\u00eancias suprimidas?)<\/li>\n<li>Sistemas formais de coleta, reciclagem, tratamento e disposi\u00e7\u00e3o ainda em seus primeiros passos<\/li>\n<\/ul>\n<p><strong>Car\u00e1ter inovador do Projeto<\/strong><\/p>\n<ul>\n<li>Apoiar o empreendedorismo sustent\u00e1vel<\/li>\n<li>Estabelecimento de dois centros de treinamento de res\u00edduos eletroeletr\u00f4nicos (no Brasil: UFRJ; e na Nicar\u00e1gua: ULSA)<\/li>\n<li>Sustentabilidade financeira (desenvolvimento de plano de neg\u00f3cios)<\/li>\n<li>Inclus\u00e3o de problemas ambientais, por ex. relacionados a valores de fra\u00e7\u00f5es negativas<\/li>\n<li>Inclus\u00e3o de parceiros estrat\u00e9gicos menos reconhecidos (informais, desempregados a longo prazo)<\/li>\n<\/ul>\n<p><strong>Pacotes de Trabalho<\/strong><\/p>\n<ul>\n<li><strong>WP1<\/strong>:\u00a0Identificar necessidades e lacunas para treinamentos<\/li>\n<li><strong>WP2<\/strong>:\u00a0Planejar e implementar colabora\u00e7\u00e3o entre universidades e empresas al\u00e9m de Centros de Treinamentos no Brasil e na Nicar\u00e1gua (dois centros regionais de conhecimento)<\/li>\n<li><strong>WP3 e 4<\/strong>:\u00a0Desenvolvimento de produtos educacionais para educa\u00e7\u00e3o acad\u00eamica e profissional<\/li>\n<li>\u00a0<strong>WP5<\/strong>: T\u00e9cnicas e ferramentas de ensino ser\u00e3o aplicadas de forma inovadora<\/li>\n<li><strong>WP6<\/strong>:\u00a0 Implementa\u00e7\u00e3o de melhorias cont\u00ednuas no Projeto<\/li>\n<li><strong>WP7<\/strong>:\u00a0Criar estrat\u00e9gias de dissemina\u00e7\u00e3o e gerenciar Propriedade Intelectual<\/li>\n<\/ul>\n<p><strong>Benefici\u00e1rios<\/strong><\/p>\n<ul>\n<li>Estudantes e palestrantes em universidades<\/li>\n<li>Profissionais da \u00e1rea de res\u00edduos eletroeletr\u00f4nicos<\/li>\n<li>Autoridades<\/li>\n<li>Setor informal,\u00a0 pessoas desempregadas \u00e0 longo prazo<\/li>\n<\/ul>\n<p><b>Dura\u00e7\u00e3o do Projeto<\/b><\/p>\n<p><span style=\"font-weight: 400;\">2016-2019<\/span><\/p>\n<p><b>Contato<\/b><\/p>\n<p><span style=\"font-weight: 400;\">E-Mail: laweeeda@gmail.com<\/span><span style=\"font-weight: 400;\"><br \/>\n<\/span><span style=\"font-weight: 400;\">Telefone: +43-1-3189900-336<\/span><\/p>\n<p><b>Equipe do Projeto<\/b><span style=\"font-weight: 400;\"><br \/>\n<\/span><\/p>\n<p><img decoding=\"async\" loading=\"lazy\" class=\"alignnone wp-image-132 size-full\" src=\"http:\/\/laweeeda.ict.unesp.br\/wp-content\/uploads\/2018\/04\/image1.png\" alt=\"\" width=\"464\" height=\"683\" \/><\/p>\n<p><b>L\u00edder do Projeto<\/b><\/p>\n<p>Instituto de Gest\u00e3o de Res\u00edduos<br \/>\nDepartamento de \u00c1gua-Atmosfera-Meio Ambiente<br \/>\nUniversidade de Recursos Naturais e Ci\u00eancias da Vida, Viena<\/p>\n<p>&nbsp;<\/p>\n<p>&nbsp;<\/p>\n","protected":false},"excerpt":{"rendered":"<p>Rede Latino-Americana e Europeia de pesquisa, desenvolvimento e an\u00e1lise de res\u00edduos eletroeletr\u00f4nicos (LaWEEEda) Contexto A Am\u00e9rica Latina \u00e9 caracterizada por um alto \u00edndica de urbaniza\u00e7\u00e3o e economias emergentes, e liado a isto h\u00e1 uma alta penetra\u00e7\u00e3o no mercado de equipamentos de TI al\u00e9m de outros equipamentos eletroeletr\u00f4nicos. O acelerado crescimento nas vendas de equipamentos eletroeletr\u00f4nicos &hellip;<\/p>\n<p class=\"read-more\"> <a class=\"\" href=\"https:\/\/laweeeda.ict.unesp.br\/site\/?page_id=6\"> <span class=\"screen-reader-text\">Sobre o LaWEEEda<\/span> Leia mais &raquo;<\/a><\/p>\n","protected":false},"author":1,"featured_media":0,"parent":0,"menu_order":0,"comment_status":"closed","ping_status":"closed","template":"","meta":{"_uag_custom_page_level_css":"","site-sidebar-layout":"default","site-content-layout":"","ast-site-content-layout":"","site-content-style":"default","site-sidebar-style":"default","ast-global-header-display":"","ast-banner-title-visibility":"","ast-main-header-display":"","ast-hfb-above-header-display":"","ast-hfb-below-header-display":"","ast-hfb-mobile-header-display":"","site-post-title":"","ast-breadcrumbs-content":"","ast-featured-img":"","footer-sml-layout":"","theme-transparent-header-meta":"","adv-header-id-meta":"","stick-header-meta":"","header-above-stick-meta":"","header-main-stick-meta":"","header-below-stick-meta":"","astra-migrate-meta-layouts":"","ast-page-background-enabled":"default","ast-page-background-meta":{"desktop":{"background-color":"var(--ast-global-color-4)","background-image":"","background-repeat":"repeat","background-position":"center center","background-size":"auto","background-attachment":"scroll","background-type":"","background-media":"","overlay-type":"","overlay-color":"","overlay-gradient":""},"tablet":{"background-color":"","background-image":"","background-repeat":"repeat","background-position":"center center","background-size":"auto","background-attachment":"scroll","background-type":"","background-media":"","overlay-type":"","overlay-color":"","overlay-gradient":""},"mobile":{"background-color":"","background-image":"","background-repeat":"repeat","background-position":"center center","background-size":"auto","background-attachment":"scroll","background-type":"","background-media":"","overlay-type":"","overlay-color":"","overlay-gradient":""}},"ast-content-background-meta":{"desktop":{"background-color":"var(--ast-global-color-5)","background-image":"","background-repeat":"repeat","background-position":"center center","background-size":"auto","background-attachment":"scroll","background-type":"","background-media":"","overlay-type":"","overlay-color":"","overlay-gradient":""},"tablet":{"background-color":"var(--ast-global-color-5)","background-image":"","background-repeat":"repeat","background-position":"center center","background-size":"auto","background-attachment":"scroll","background-type":"","background-media":"","overlay-type":"","overlay-color":"","overlay-gradient":""},"mobile":{"background-color":"var(--ast-global-color-5)","background-image":"","background-repeat":"repeat","background-position":"center center","background-size":"auto","background-attachment":"scroll","background-type":"","background-media":"","overlay-type":"","overlay-color":"","overlay-gradient":""}},"footnotes":""},"uagb_featured_image_src":{"full":false,"thumbnail":false,"medium":false,"medium_large":false,"large":false,"1536x1536":false,"2048x2048":false},"uagb_author_info":{"display_name":"laweeeda","author_link":"https:\/\/laweeeda.ict.unesp.br\/site\/?author=1"},"uagb_comment_info":0,"uagb_excerpt":"Rede Latino-Americana e Europeia de pesquisa, desenvolvimento e an\u00e1lise de res\u00edduos eletroeletr\u00f4nicos (LaWEEEda) Contexto A Am\u00e9rica Latina \u00e9 caracterizada por um alto \u00edndica de urbaniza\u00e7\u00e3o e economias emergentes, e liado a isto h\u00e1 uma alta penetra\u00e7\u00e3o no mercado de equipamentos de TI al\u00e9m de outros equipamentos eletroeletr\u00f4nicos. O acelerado crescimento nas vendas de equipamentos eletroeletr\u00f4nicos&hellip;","_links":{"self":[{"href":"https:\/\/laweeeda.ict.unesp.br\/site\/index.php?rest_route=\/wp\/v2\/pages\/6"}],"collection":[{"href":"https:\/\/laweeeda.ict.unesp.br\/site\/index.php?rest_route=\/wp\/v2\/pages"}],"about":[{"href":"https:\/\/laweeeda.ict.unesp.br\/site\/index.php?rest_route=\/wp\/v2\/types\/page"}],"author":[{"embeddable":true,"href":"https:\/\/laweeeda.ict.unesp.br\/site\/index.php?rest_route=\/wp\/v2\/users\/1"}],"replies":[{"embeddable":true,"href":"https:\/\/laweeeda.ict.unesp.br\/site\/index.php?rest_route=%2Fwp%2Fv2%2Fcomments&post=6"}],"version-history":[{"count":17,"href":"https:\/\/laweeeda.ict.unesp.br\/site\/index.php?rest_route=\/wp\/v2\/pages\/6\/revisions"}],"predecessor-version":[{"id":290,"href":"https:\/\/laweeeda.ict.unesp.br\/site\/index.php?rest_route=\/wp\/v2\/pages\/6\/revisions\/290"}],"wp:attachment":[{"href":"https:\/\/laweeeda.ict.unesp.br\/site\/index.php?rest_route=%2Fwp%2Fv2%2Fmedia&parent=6"}],"curies":[{"name":"wp","href":"https:\/\/api.w.org\/{rel}","templated":true}]}}