{"id":640,"date":"2019-09-04T17:07:05","date_gmt":"2019-09-04T20:07:05","guid":{"rendered":"http:\/\/laweeeda.ict.unesp.br\/?page_id=640"},"modified":"2020-03-30T13:16:56","modified_gmt":"2020-03-30T16:16:56","slug":"ucan-nicaragua-2","status":"publish","type":"page","link":"https:\/\/laweeeda.ict.unesp.br\/site\/?page_id=640","title":{"rendered":"UCAN (Nicaragua)"},"content":{"rendered":"\n<h2 class=\"wp-block-heading\">UCAN: La Universidad Cristiana Aut\u00f3noma de Nicaragua &#8211; Centro de Capacitaci\u00f3n UCAN-LaWEEEda<\/h2>\n\n\n\n<figure class=\"wp-block-image\"><img decoding=\"async\" loading=\"lazy\" width=\"1024\" height=\"682\" src=\"https:\/\/laweeeda.ict.unesp.br\/wp-content\/uploads\/2019\/09\/UCAN2_-1024x682.jpg\" alt=\"\" class=\"wp-image-689\" srcset=\"https:\/\/laweeeda.ict.unesp.br\/site\/wp-content\/uploads\/2019\/09\/UCAN2_-1024x682.jpg 1024w, https:\/\/laweeeda.ict.unesp.br\/site\/wp-content\/uploads\/2019\/09\/UCAN2_-300x200.jpg 300w, https:\/\/laweeeda.ict.unesp.br\/site\/wp-content\/uploads\/2019\/09\/UCAN2_-768x512.jpg 768w, https:\/\/laweeeda.ict.unesp.br\/site\/wp-content\/uploads\/2019\/09\/UCAN2_.jpg 1337w\" sizes=\"(max-width: 1024px) 100vw, 1024px\" \/><\/figure>\n\n\n\n<ul class=\"wp-block-gallery columns-2 is-cropped wp-block-gallery-1 is-layout-flex wp-block-gallery-is-layout-flex\"><li class=\"blocks-gallery-item\"><figure><a href=\"https:\/\/laweeeda.ict.unesp.br\/wp-content\/uploads\/2020\/03\/IMG-20190911-WA0028-1-768x1024.jpg\"><img decoding=\"async\" loading=\"lazy\" width=\"768\" height=\"1024\" src=\"https:\/\/laweeeda.ict.unesp.br\/wp-content\/uploads\/2020\/03\/IMG-20190911-WA0028-1-768x1024.jpg\" alt=\"\" data-id=\"978\" data-link=\"https:\/\/laweeeda.ict.unesp.br\/ucan-nicaragua-2\/attachment\/img-20190911-wa0028-1\/\" class=\"wp-image-978\" srcset=\"https:\/\/laweeeda.ict.unesp.br\/site\/wp-content\/uploads\/2020\/03\/IMG-20190911-WA0028-1-768x1024.jpg 768w, https:\/\/laweeeda.ict.unesp.br\/site\/wp-content\/uploads\/2020\/03\/IMG-20190911-WA0028-1-225x300.jpg 225w, https:\/\/laweeeda.ict.unesp.br\/site\/wp-content\/uploads\/2020\/03\/IMG-20190911-WA0028-1.jpg 960w\" sizes=\"(max-width: 768px) 100vw, 768px\" \/><\/a><\/figure><\/li><li class=\"blocks-gallery-item\"><figure><a href=\"https:\/\/laweeeda.ict.unesp.br\/wp-content\/uploads\/2020\/03\/IMG-20190911-WA0029-1-575x1024.jpg\"><img decoding=\"async\" loading=\"lazy\" width=\"575\" height=\"1024\" src=\"https:\/\/laweeeda.ict.unesp.br\/wp-content\/uploads\/2020\/03\/IMG-20190911-WA0029-1-575x1024.jpg\" alt=\"\" data-id=\"979\" data-link=\"https:\/\/laweeeda.ict.unesp.br\/ucan-nicaragua-2\/attachment\/img-20190911-wa0029-1\/\" class=\"wp-image-979\" srcset=\"https:\/\/laweeeda.ict.unesp.br\/site\/wp-content\/uploads\/2020\/03\/IMG-20190911-WA0029-1-575x1024.jpg 575w, https:\/\/laweeeda.ict.unesp.br\/site\/wp-content\/uploads\/2020\/03\/IMG-20190911-WA0029-1-169x300.jpg 169w, https:\/\/laweeeda.ict.unesp.br\/site\/wp-content\/uploads\/2020\/03\/IMG-20190911-WA0029-1.jpg 719w\" sizes=\"(max-width: 575px) 100vw, 575px\" \/><\/a><\/figure><\/li><\/ul>\n\n\n\n<h2 class=\"wp-block-heading\">Website: <a rel=\"noreferrer noopener\" href=\"http:\/\/ucan.edu.ni\/notice\/ucan-participa-en-proyecto-internacional-laweeeda\/\" target=\"_blank\">http:\/\/ucan.edu.ni\/notice\/ucan-participa-en-proyecto-internacional-laweeeda\/<\/a> <\/h2>\n\n\n\n<iframe loading=\"lazy\" src=\"https:\/\/www.google.com\/maps\/embed?pb=!1m18!1m12!1m3!1d3276.200212668219!2d-86.8592790289406!3d12.444350299245567!2m3!1f0!2f0!3f0!3m2!1i1024!2i768!4f13.1!3m3!1m2!1s0x8f711f0b3d6ba7b1%3A0xf6a41ba87755f9!2sCampus%20UCAN-Leon!5e0!3m2!1sen!2suk!4v1585239160457!5m2!1sen!2suk\" width=\"600\" height=\"450\" allowfullscreen=\"\"><\/iframe>\n\n\n\n<h2 class=\"wp-block-heading\">Contato para informa\u00e7\u00f5es:<\/h2>\n\n\n\n<p>Dra. Blanca Nubia Garc\u00eda   <a href=\"mailto:bngr27@ucan.edu.ni\">bngr27@ucan.edu.ni<\/a>    83809619<\/p>\n\n\n\n<p>Ing. Karolina Le\u00f3n   &nbsp;<a href=\"mailto:Karolina.leon@ucan.edu.ni\">Karolina.leon@ucan.edu.ni<\/a>   89103224<\/p>\n","protected":false},"excerpt":{"rendered":"<p>UCAN: La Universidad Cristiana Aut\u00f3noma de Nicaragua &#8211; Centro de Capacitaci\u00f3n UCAN-LaWEEEda Website: http:\/\/ucan.edu.ni\/notice\/ucan-participa-en-proyecto-internacional-laweeeda\/ Contato para informa\u00e7\u00f5es: Dra. Blanca Nubia Garc\u00eda bngr27@ucan.edu.ni 83809619 Ing. Karolina Le\u00f3n &nbsp;Karolina.leon@ucan.edu.ni 89103224<\/p>\n","protected":false},"author":1,"featured_media":0,"parent":0,"menu_order":0,"comment_status":"closed","ping_status":"closed","template":"","meta":{"_uag_custom_page_level_css":"","site-sidebar-layout":"default","site-content-layout":"","ast-site-content-layout":"","site-content-style":"default","site-sidebar-style":"default","ast-global-header-display":"","ast-banner-title-visibility":"","ast-main-header-display":"","ast-hfb-above-header-display":"","ast-hfb-below-header-display":"","ast-hfb-mobile-header-display":"","site-post-title":"","ast-breadcrumbs-content":"","ast-featured-img":"","footer-sml-layout":"","theme-transparent-header-meta":"","adv-header-id-meta":"","stick-header-meta":"","header-above-stick-meta":"","header-main-stick-meta":"","header-below-stick-meta":"","astra-migrate-meta-layouts":"","ast-page-background-enabled":"default","ast-page-background-meta":{"desktop":{"background-color":"var(--ast-global-color-4)","background-image":"","background-repeat":"repeat","background-position":"center center","background-size":"auto","background-attachment":"scroll","background-type":"","background-media":"","overlay-type":"","overlay-color":"","overlay-gradient":""},"tablet":{"background-color":"","background-image":"","background-repeat":"repeat","background-position":"center center","background-size":"auto","background-attachment":"scroll","background-type":"","background-media":"","overlay-type":"","overlay-color":"","overlay-gradient":""},"mobile":{"background-color":"","background-image":"","background-repeat":"repeat","background-position":"center center","background-size":"auto","background-attachment":"scroll","background-type":"","background-media":"","overlay-type":"","overlay-color":"","overlay-gradient":""}},"ast-content-background-meta":{"desktop":{"background-color":"var(--ast-global-color-5)","background-image":"","background-repeat":"repeat","background-position":"center center","background-size":"auto","background-attachment":"scroll","background-type":"","background-media":"","overlay-type":"","overlay-color":"","overlay-gradient":""},"tablet":{"background-color":"var(--ast-global-color-5)","background-image":"","background-repeat":"repeat","background-position":"center center","background-size":"auto","background-attachment":"scroll","background-type":"","background-media":"","overlay-type":"","overlay-color":"","overlay-gradient":""},"mobile":{"background-color":"var(--ast-global-color-5)","background-image":"","background-repeat":"repeat","background-position":"center center","background-size":"auto","background-attachment":"scroll","background-type":"","background-media":"","overlay-type":"","overlay-color":"","overlay-gradient":""}},"footnotes":""},"uagb_featured_image_src":{"full":false,"thumbnail":false,"medium":false,"medium_large":false,"large":false,"1536x1536":false,"2048x2048":false},"uagb_author_info":{"display_name":"laweeeda","author_link":"https:\/\/laweeeda.ict.unesp.br\/site\/?author=1"},"uagb_comment_info":0,"uagb_excerpt":"UCAN: La Universidad Cristiana Aut\u00f3noma de Nicaragua &#8211; Centro de Capacitaci\u00f3n UCAN-LaWEEEda Website: http:\/\/ucan.edu.ni\/notice\/ucan-participa-en-proyecto-internacional-laweeeda\/ Contato para informa\u00e7\u00f5es: Dra. Blanca Nubia Garc\u00eda bngr27@ucan.edu.ni 83809619 Ing. Karolina Le\u00f3n &nbsp;Karolina.leon@ucan.edu.ni 89103224","_links":{"self":[{"href":"https:\/\/laweeeda.ict.unesp.br\/site\/index.php?rest_route=\/wp\/v2\/pages\/640"}],"collection":[{"href":"https:\/\/laweeeda.ict.unesp.br\/site\/index.php?rest_route=\/wp\/v2\/pages"}],"about":[{"href":"https:\/\/laweeeda.ict.unesp.br\/site\/index.php?rest_route=\/wp\/v2\/types\/page"}],"author":[{"embeddable":true,"href":"https:\/\/laweeeda.ict.unesp.br\/site\/index.php?rest_route=\/wp\/v2\/users\/1"}],"replies":[{"embeddable":true,"href":"https:\/\/laweeeda.ict.unesp.br\/site\/index.php?rest_route=%2Fwp%2Fv2%2Fcomments&post=640"}],"version-history":[{"count":13,"href":"https:\/\/laweeeda.ict.unesp.br\/site\/index.php?rest_route=\/wp\/v2\/pages\/640\/revisions"}],"predecessor-version":[{"id":980,"href":"https:\/\/laweeeda.ict.unesp.br\/site\/index.php?rest_route=\/wp\/v2\/pages\/640\/revisions\/980"}],"wp:attachment":[{"href":"https:\/\/laweeeda.ict.unesp.br\/site\/index.php?rest_route=%2Fwp%2Fv2%2Fmedia&parent=640"}],"curies":[{"name":"wp","href":"https:\/\/api.w.org\/{rel}","templated":true}]}}