{"id":67,"date":"2018-03-03T22:24:16","date_gmt":"2018-03-04T01:24:16","guid":{"rendered":"http:\/\/www.instadev.com.br\/laweeeda\/?page_id=67"},"modified":"2020-03-27T09:24:07","modified_gmt":"2020-03-27T12:24:07","slug":"resultados-projeto","status":"publish","type":"page","link":"https:\/\/laweeeda.ict.unesp.br\/site\/?page_id=67","title":{"rendered":"Resultados do Projeto"},"content":{"rendered":"<p>O projeto LaWEEEda teve v\u00e1rios resultados diferentes, desde a sele\u00e7\u00e3o e desenvolvimento de materiais de ensino, o suporte e desenvolvimento de novas t\u00e9cnicas de ensino, a cria\u00e7\u00e3o de um reposit\u00f3rio digital para permitir o compartilhamento de recursos de ensino, a instala\u00e7\u00e3o de centros de treinamento, com relat\u00f3rios que ajudaram a informar a dire\u00e7\u00e3o do projeto. Eles s\u00e3o compartilhados nesta se\u00e7\u00e3o.<\/p>\n","protected":false},"excerpt":{"rendered":"<p>O projeto LaWEEEda teve v\u00e1rios resultados diferentes, desde a sele\u00e7\u00e3o e desenvolvimento de materiais de ensino, o suporte e desenvolvimento de novas t\u00e9cnicas de ensino, a cria\u00e7\u00e3o de um reposit\u00f3rio digital para permitir o compartilhamento de recursos de ensino, a instala\u00e7\u00e3o de centros de treinamento, com relat\u00f3rios que ajudaram a informar a dire\u00e7\u00e3o do projeto. &hellip;<\/p>\n<p class=\"read-more\"> <a class=\"\" href=\"https:\/\/laweeeda.ict.unesp.br\/site\/?page_id=67\"> <span class=\"screen-reader-text\">Resultados do Projeto<\/span> Leia mais &raquo;<\/a><\/p>\n","protected":false},"author":1,"featured_media":0,"parent":0,"menu_order":0,"comment_status":"closed","ping_status":"closed","template":"","meta":{"_uag_custom_page_level_css":"","site-sidebar-layout":"default","site-content-layout":"","ast-site-content-layout":"","site-content-style":"default","site-sidebar-style":"default","ast-global-header-display":"","ast-banner-title-visibility":"","ast-main-header-display":"","ast-hfb-above-header-display":"","ast-hfb-below-header-display":"","ast-hfb-mobile-header-display":"","site-post-title":"","ast-breadcrumbs-content":"","ast-featured-img":"","footer-sml-layout":"","theme-transparent-header-meta":"","adv-header-id-meta":"","stick-header-meta":"","header-above-stick-meta":"","header-main-stick-meta":"","header-below-stick-meta":"","astra-migrate-meta-layouts":"","ast-page-background-enabled":"default","ast-page-background-meta":{"desktop":{"background-color":"var(--ast-global-color-4)","background-image":"","background-repeat":"repeat","background-position":"center center","background-size":"auto","background-attachment":"scroll","background-type":"","background-media":"","overlay-type":"","overlay-color":"","overlay-gradient":""},"tablet":{"background-color":"","background-image":"","background-repeat":"repeat","background-position":"center center","background-size":"auto","background-attachment":"scroll","background-type":"","background-media":"","overlay-type":"","overlay-color":"","overlay-gradient":""},"mobile":{"background-color":"","background-image":"","background-repeat":"repeat","background-position":"center center","background-size":"auto","background-attachment":"scroll","background-type":"","background-media":"","overlay-type":"","overlay-color":"","overlay-gradient":""}},"ast-content-background-meta":{"desktop":{"background-color":"var(--ast-global-color-5)","background-image":"","background-repeat":"repeat","background-position":"center center","background-size":"auto","background-attachment":"scroll","background-type":"","background-media":"","overlay-type":"","overlay-color":"","overlay-gradient":""},"tablet":{"background-color":"var(--ast-global-color-5)","background-image":"","background-repeat":"repeat","background-position":"center center","background-size":"auto","background-attachment":"scroll","background-type":"","background-media":"","overlay-type":"","overlay-color":"","overlay-gradient":""},"mobile":{"background-color":"var(--ast-global-color-5)","background-image":"","background-repeat":"repeat","background-position":"center center","background-size":"auto","background-attachment":"scroll","background-type":"","background-media":"","overlay-type":"","overlay-color":"","overlay-gradient":""}},"footnotes":""},"uagb_featured_image_src":{"full":false,"thumbnail":false,"medium":false,"medium_large":false,"large":false,"1536x1536":false,"2048x2048":false},"uagb_author_info":{"display_name":"laweeeda","author_link":"https:\/\/laweeeda.ict.unesp.br\/site\/?author=1"},"uagb_comment_info":0,"uagb_excerpt":"O projeto LaWEEEda teve v\u00e1rios resultados diferentes, desde a sele\u00e7\u00e3o e desenvolvimento de materiais de ensino, o suporte e desenvolvimento de novas t\u00e9cnicas de ensino, a cria\u00e7\u00e3o de um reposit\u00f3rio digital para permitir o compartilhamento de recursos de ensino, a instala\u00e7\u00e3o de centros de treinamento, com relat\u00f3rios que ajudaram a informar a dire\u00e7\u00e3o do projeto.&hellip;","_links":{"self":[{"href":"https:\/\/laweeeda.ict.unesp.br\/site\/index.php?rest_route=\/wp\/v2\/pages\/67"}],"collection":[{"href":"https:\/\/laweeeda.ict.unesp.br\/site\/index.php?rest_route=\/wp\/v2\/pages"}],"about":[{"href":"https:\/\/laweeeda.ict.unesp.br\/site\/index.php?rest_route=\/wp\/v2\/types\/page"}],"author":[{"embeddable":true,"href":"https:\/\/laweeeda.ict.unesp.br\/site\/index.php?rest_route=\/wp\/v2\/users\/1"}],"replies":[{"embeddable":true,"href":"https:\/\/laweeeda.ict.unesp.br\/site\/index.php?rest_route=%2Fwp%2Fv2%2Fcomments&post=67"}],"version-history":[{"count":5,"href":"https:\/\/laweeeda.ict.unesp.br\/site\/index.php?rest_route=\/wp\/v2\/pages\/67\/revisions"}],"predecessor-version":[{"id":949,"href":"https:\/\/laweeeda.ict.unesp.br\/site\/index.php?rest_route=\/wp\/v2\/pages\/67\/revisions\/949"}],"wp:attachment":[{"href":"https:\/\/laweeeda.ict.unesp.br\/site\/index.php?rest_route=%2Fwp%2Fv2%2Fmedia&parent=67"}],"curies":[{"name":"wp","href":"https:\/\/api.w.org\/{rel}","templated":true}]}}