{"id":69,"date":"2018-03-03T22:24:34","date_gmt":"2018-03-04T01:24:34","guid":{"rendered":"http:\/\/www.instadev.com.br\/laweeeda\/?page_id=69"},"modified":"2021-05-08T15:50:05","modified_gmt":"2021-05-08T18:50:05","slug":"material-divulgacao","status":"publish","type":"page","link":"https:\/\/laweeeda.ict.unesp.br\/site\/?page_id=69","title":{"rendered":"Documentos do projeto"},"content":{"rendered":"<p>Voc\u00ea pode fazer o download dos arquivos abaixo:<\/p>\n<ul>\n<li>D1.2 &#8211; Compila\u00e7\u00e3o de capacidades dispon\u00edveis e lacunas identificadas (download)<\/li>\n<li>D1.3 &#8211;\u00a0 Relat\u00f3rio sobre aspectos sociais, de g\u00eanero, \u00e9ticos, regionais e nacionais (<a href=\"http:\/\/laweeeda.ict.unesp.br\/wp-content\/uploads\/2019\/08\/D1.3_regional-national-gender-and-ethical-issues_informal-sector.pdf\" target=\"_blank\" rel=\"noopener noreferrer\">download<\/a>)<\/li>\n<li>D3.1 &#8211;\u00a0 Lista de produtos educacionais acad\u00eamicos a serem adaptados e<br \/>\ndesenvolvido\u00a0(<a href=\"http:\/\/laweeeda.ict.unesp.br\/wp-content\/uploads\/2019\/08\/D3_1_D4_1_educational-products.pdf\" target=\"_blank\" rel=\"noopener noreferrer\">download<\/a>)<\/li>\n<li>D4.1 &#8211;\u00a0 Lista de produtos educacionais de DPC a serem adaptados e<br \/>\ndesenvolvido\u00a0(<a href=\"http:\/\/laweeeda.ict.unesp.br\/wp-content\/uploads\/2019\/08\/D3_1_D4_1_educational-products.pdf\" target=\"_blank\" rel=\"noopener noreferrer\">download<\/a>)<\/li>\n<li>An\u00e1lise SWOT (download)<\/li>\n<li>D5.3 &#8211; Diretrizes sobre abordagem de garagem (<a href=\"http:\/\/laweeeda.ict.unesp.br\/en\/dissemination-material\/attachment\/d5-3_guideline_on_garage_approach\/\" target=\"_blank\" rel=\"attachment noopener wp-att-797 noreferrer\">download)<\/a><\/li>\n<li>D6 &#8211; Gannt Chart (<a href=\"https:\/\/laweeeda.ict.unesp.br\/wp-content\/uploads\/2020\/06\/LaWEEEdA-Gantt-Chart-Cloud-1.xlsx\" target=\"_blank\" rel=\"noopener noreferrer\">download<\/a>)<\/li>\n<li>D6.1 &#8211; Quality guidelines (<a href=\"https:\/\/laweeeda.ict.unesp.br\/wp-content\/uploads\/2020\/06\/D6.1_Quality-guideline.pdf\" target=\"_blank\" rel=\"noopener noreferrer\">download<\/a>)<\/li>\n<li>D6.2 &#8211; Quality Report M18 (<a href=\"https:\/\/laweeeda.ict.unesp.br\/wp-content\/uploads\/2020\/06\/D6.2_Quality-report.pdf\" target=\"_blank\" rel=\"noopener noreferrer\">download<\/a>)<\/li>\n<li>D6.3 &#8211; Quality Report M24 (<a href=\"https:\/\/laweeeda.ict.unesp.br\/wp-content\/uploads\/2020\/06\/D6.3_Quality-report.pdf\" target=\"_blank\" rel=\"noopener noreferrer\">download<\/a>)<\/li>\n<li>D6.4 &#8211; Quality Report M30 (<a href=\"https:\/\/laweeeda.ict.unesp.br\/wp-content\/uploads\/2020\/06\/D6.4_LaWEEEda_Quality-report.pdf\" target=\"_blank\" rel=\"noopener noreferrer\">download<\/a>)<\/li>\n<li>D6.5 &#8211; Quality Report M36 (<a href=\"https:\/\/laweeeda.ict.unesp.br\/wp-content\/uploads\/2020\/06\/D6.5_LaWEEEda_Quality-report.pdf\" target=\"_blank\" rel=\"noopener noreferrer\">download<\/a>)<\/li>\n<li>D7.4 -DIRETRIZES INTELECTUAIS DE DIREITOS DE PROPRIEDADE (IPR) (<a href=\"https:\/\/laweeeda.ict.unesp.br\/wp-content\/uploads\/2019\/08\/D7.4_IPR-guidelines-1.pdf\" target=\"_blank\" rel=\"noopener noreferrer\">download<\/a>)<\/li>\n<li>D7 &#8211; Atas de reuni\u00f5es de parceiros\n<ul>\n<li><a href=\"http:\/\/laweeeda.ict.unesp.br\/1_rio-april-2017\/\" target=\"_blank\" rel=\"noopener noreferrer\">1_Rio-April-2017.docx<\/a><\/li>\n<li><a href=\"http:\/\/laweeeda.ict.unesp.br\/2_leon_july-2017\/\" target=\"_blank\" rel=\"noopener noreferrer\">2_Leon_July-2017.docx<\/a><\/li>\n<li><a href=\"http:\/\/laweeeda.ict.unesp.br\/3_vienna_december-2017\/\" target=\"_blank\" rel=\"noopener noreferrer\">3_Vienna_December-2017.docx<\/a><\/li>\n<li><a href=\"http:\/\/laweeeda.ict.unesp.br\/4_hamburg_july-2018\/\" target=\"_blank\" rel=\"noopener noreferrer\">4_Hamburg_July-2018.docx<\/a><\/li>\n<\/ul>\n<\/li>\n<li>ULSA Cerim\u00f4nia de abertura da Nicar\u00e1gua<\/li>\n<\/ul>\n<p><iframe loading=\"lazy\" src=\"https:\/\/www.youtube.com\/embed\/_R2uI99EfHs\" width=\"560\" height=\"315\" frameborder=\"0\" allowfullscreen=\"allowfullscreen\"><\/iframe><\/p>\n","protected":false},"excerpt":{"rendered":"<p>Voc\u00ea pode fazer o download dos arquivos abaixo: D1.2 &#8211; Compila\u00e7\u00e3o de capacidades dispon\u00edveis e lacunas identificadas (download) D1.3 &#8211;\u00a0 Relat\u00f3rio sobre aspectos sociais, de g\u00eanero, \u00e9ticos, regionais e nacionais (download) D3.1 &#8211;\u00a0 Lista de produtos educacionais acad\u00eamicos a serem adaptados e desenvolvido\u00a0(download) D4.1 &#8211;\u00a0 Lista de produtos educacionais de DPC a serem adaptados e &hellip;<\/p>\n<p class=\"read-more\"> <a class=\"\" href=\"https:\/\/laweeeda.ict.unesp.br\/site\/?page_id=69\"> <span class=\"screen-reader-text\">Documentos do projeto<\/span> Leia mais &raquo;<\/a><\/p>\n","protected":false},"author":1,"featured_media":0,"parent":0,"menu_order":0,"comment_status":"closed","ping_status":"closed","template":"","meta":{"_uag_custom_page_level_css":"","site-sidebar-layout":"default","site-content-layout":"default","ast-site-content-layout":"","site-content-style":"default","site-sidebar-style":"default","ast-global-header-display":"","ast-banner-title-visibility":"","ast-main-header-display":"","ast-hfb-above-header-display":"","ast-hfb-below-header-display":"","ast-hfb-mobile-header-display":"","site-post-title":"","ast-breadcrumbs-content":"","ast-featured-img":"","footer-sml-layout":"","theme-transparent-header-meta":"default","adv-header-id-meta":"","stick-header-meta":"","header-above-stick-meta":"","header-main-stick-meta":"","header-below-stick-meta":"","astra-migrate-meta-layouts":"","ast-page-background-enabled":"default","ast-page-background-meta":{"desktop":{"background-color":"var(--ast-global-color-4)","background-image":"","background-repeat":"repeat","background-position":"center center","background-size":"auto","background-attachment":"scroll","background-type":"","background-media":"","overlay-type":"","overlay-color":"","overlay-gradient":""},"tablet":{"background-color":"","background-image":"","background-repeat":"repeat","background-position":"center center","background-size":"auto","background-attachment":"scroll","background-type":"","background-media":"","overlay-type":"","overlay-color":"","overlay-gradient":""},"mobile":{"background-color":"","background-image":"","background-repeat":"repeat","background-position":"center center","background-size":"auto","background-attachment":"scroll","background-type":"","background-media":"","overlay-type":"","overlay-color":"","overlay-gradient":""}},"ast-content-background-meta":{"desktop":{"background-color":"var(--ast-global-color-5)","background-image":"","background-repeat":"repeat","background-position":"center center","background-size":"auto","background-attachment":"scroll","background-type":"","background-media":"","overlay-type":"","overlay-color":"","overlay-gradient":""},"tablet":{"background-color":"var(--ast-global-color-5)","background-image":"","background-repeat":"repeat","background-position":"center center","background-size":"auto","background-attachment":"scroll","background-type":"","background-media":"","overlay-type":"","overlay-color":"","overlay-gradient":""},"mobile":{"background-color":"var(--ast-global-color-5)","background-image":"","background-repeat":"repeat","background-position":"center center","background-size":"auto","background-attachment":"scroll","background-type":"","background-media":"","overlay-type":"","overlay-color":"","overlay-gradient":""}},"footnotes":""},"uagb_featured_image_src":{"full":false,"thumbnail":false,"medium":false,"medium_large":false,"large":false,"1536x1536":false,"2048x2048":false},"uagb_author_info":{"display_name":"laweeeda","author_link":"https:\/\/laweeeda.ict.unesp.br\/site\/?author=1"},"uagb_comment_info":0,"uagb_excerpt":"Voc\u00ea pode fazer o download dos arquivos abaixo: D1.2 &#8211; Compila\u00e7\u00e3o de capacidades dispon\u00edveis e lacunas identificadas (download) D1.3 &#8211;\u00a0 Relat\u00f3rio sobre aspectos sociais, de g\u00eanero, \u00e9ticos, regionais e nacionais (download) D3.1 &#8211;\u00a0 Lista de produtos educacionais acad\u00eamicos a serem adaptados e desenvolvido\u00a0(download) D4.1 &#8211;\u00a0 Lista de produtos educacionais de DPC a serem adaptados e&hellip;","_links":{"self":[{"href":"https:\/\/laweeeda.ict.unesp.br\/site\/index.php?rest_route=\/wp\/v2\/pages\/69"}],"collection":[{"href":"https:\/\/laweeeda.ict.unesp.br\/site\/index.php?rest_route=\/wp\/v2\/pages"}],"about":[{"href":"https:\/\/laweeeda.ict.unesp.br\/site\/index.php?rest_route=\/wp\/v2\/types\/page"}],"author":[{"embeddable":true,"href":"https:\/\/laweeeda.ict.unesp.br\/site\/index.php?rest_route=\/wp\/v2\/users\/1"}],"replies":[{"embeddable":true,"href":"https:\/\/laweeeda.ict.unesp.br\/site\/index.php?rest_route=%2Fwp%2Fv2%2Fcomments&post=69"}],"version-history":[{"count":13,"href":"https:\/\/laweeeda.ict.unesp.br\/site\/index.php?rest_route=\/wp\/v2\/pages\/69\/revisions"}],"predecessor-version":[{"id":1221,"href":"https:\/\/laweeeda.ict.unesp.br\/site\/index.php?rest_route=\/wp\/v2\/pages\/69\/revisions\/1221"}],"wp:attachment":[{"href":"https:\/\/laweeeda.ict.unesp.br\/site\/index.php?rest_route=%2Fwp%2Fv2%2Fmedia&parent=69"}],"curies":[{"name":"wp","href":"https:\/\/api.w.org\/{rel}","templated":true}]}}